{"id":3,"date":"2020-02-01T10:23:19","date_gmt":"2020-02-01T09:23:19","guid":{"rendered":"https:\/\/custom-underground-sweets.de\/?page_id=3"},"modified":"2020-05-23T17:34:11","modified_gmt":"2020-05-23T15:34:11","slug":"datenschutzerklaerung","status":"publish","type":"page","link":"https:\/\/custom-underground-sweets.de\/index.php\/datenschutzerklaerung\/","title":{"rendered":"Datenschutzerkl\u00e4rung"},"content":{"rendered":"\t\t<div data-elementor-type=\"wp-page\" data-elementor-id=\"3\" class=\"elementor elementor-3\">\n\t\t\t\t\t\t<section class=\"elementor-section elementor-top-section elementor-element elementor-element-5dd09dd5 elementor-section-boxed elementor-section-height-default elementor-section-height-default\" data-id=\"5dd09dd5\" data-element_type=\"section\">\n\t\t\t\t\t\t<div class=\"elementor-container elementor-column-gap-default\">\n\t\t\t\t\t<div class=\"elementor-column elementor-col-100 elementor-top-column elementor-element elementor-element-39773b7e\" data-id=\"39773b7e\" data-element_type=\"column\">\n\t\t\t<div class=\"elementor-widget-wrap elementor-element-populated\">\n\t\t\t\t\t\t<div class=\"elementor-element elementor-element-46d0366f elementor-widget elementor-widget-text-editor\" data-id=\"46d0366f\" data-element_type=\"widget\" data-widget_type=\"text-editor.default\">\n\t\t\t\t<div class=\"elementor-widget-container\">\n\t\t\t\t\t\t\t\t\t<h2>Datenschutzerkl\u00e4rung<\/h2>\n<hr class=\"small\" \/>\n<div style=\"text-align: left; margin-bottom: 30px;\">\n<p>Der Schutz Ihrer pers\u00f6nlichen Daten ist uns ein besonderes Anliegen. Wir verarbeiten Ihre Daten daher ausschlie\u00dflich auf Grundlage der gesetzlichen Bestimmungen (DSGVO, TKG 2003). In diesen Datenschutzinformationen informieren wir Sie \u00fcber die wichtigsten Aspekte der Datenverarbeitung im Rahmen unserer Website.<\/p>\n<h4>Kontakt mit uns<\/h4>\n<p>Wenn Sie per E-Mail Kontakt mit uns aufnehmen, werden Ihre angegebenen Daten zwecks Bearbeitung der Anfrage und f\u00fcr den Fall von Anschlussfragen sechs Monate bei uns gespeichert. Diese Daten geben wir nicht ohne Ihre Einwilligung weiter.<\/p>\n<h4>Informatorische Nutzung unserer Website<\/h4>\n<p>F\u00fcr die Informatorische Nutzung unserer Website ist keine Dateneingabe n\u00f6tig. Wir speichern unter Umst\u00e4nden aber die von Ihrem Browser automatisch \u00fcbermittelten Daten in Log-Dateien. Dies ist notwendig um die Funktionsf\u00e4higkeit der Website im Fehlerfall schnellstm\u00f6glich wiederherzustellen. Daten die von Ihrem Browser automatisch \u00fcbermittelt werden sind z.B.<\/p>\n<ul>\n<li>Datum und Uhrzeit des Abrufs einer unserer Internetseiten<\/li>\n<li>Ihren Browsertyp<\/li>\n<li>die Browser-Einstellungen<\/li>\n<li>das verwendete Betriebssystem<\/li>\n<li>die von Ihnen zuletzt besuchte Seite<\/li>\n<li>die \u00fcbertragene Datenmenge und der Zugriffsstatus (Datei \u00fcbertragen, Datei nicht gefunden etc.) sowie<\/li>\n<li>Ihre IP-Adresse.<\/li>\n<\/ul>\n<p>Diese Daten werden nicht zusammen mit anderen personenbezogenen Daten gespeichert.<\/p>\n<p>Rechtsgrundlage f\u00fcr die vor\u00fcbergehende Speicherung der Daten und der Logfiles ist Art. 6 Abs. 1 lit. f DSGVO.<\/p>\n<p>Die vor\u00fcbergehende speicherung der IP-Adresse ist notwendig, damit die Website an den PC des Benutzers ausgeliefert werden kann.<\/p>\n<p>Die so gespeicherten Daten werden gel\u00f6scht wenn sie f\u00fcr die Erreichung des Zweckes ihrer Erhebung nicht mehr ben\u00f6tigt werden. Log Dateien werden im Regelfall sieben Tage aufbewahrt, eine l\u00e4ngere Speicherung ist jedoch m\u00f6glich. In diesem Fall werden die IP-Adressen verfremdet sodass sie keinem Client mehr zugeordnet werden k\u00f6nnen.<\/p>\n<p>Die Erfassung der Daten zur Bereitstellung der Website und die Speicherung der Daten in Logfiles ist f\u00fcr den Betrieb der Internetseite zwingend erforderlich. Es besteht folglich seitens des Nutzers keine Widerspruchsm\u00f6glichkeit.<\/p>\n<h4>Ihre Rechte<\/h4>\n<p>Ihnen stehen grunds\u00e4tzlich die Rechte auf Auskunft, Berichtigung, L\u00f6schung, Einschr\u00e4nkung, Daten\u00fcbertragbarkeit, Widerruf und Widerspruch zu. Wenn Sie glauben, dass die Verarbeitung Ihrer Daten gegen das Datenschutzrecht verst\u00f6\u00dft oder Ihre datenschutzrechtlichen Anspr\u00fcche sonst in einer Weise verletzt worden sind, k\u00f6nnen Sie sich bei der Aufsichtsbeh\u00f6rde beschweren.<\/p>\n<\/div>\t\t\t\t\t\t\t\t<\/div>\n\t\t\t\t<\/div>\n\t\t\t\t\t<\/div>\n\t\t<\/div>\n\t\t\t\t\t<\/div>\n\t\t<\/section>\n\t\t\t\t<\/div>\n\t\t","protected":false},"excerpt":{"rendered":"<p>Datenschutzerkl\u00e4rung Der Schutz Ihrer pers\u00f6nlichen Daten ist uns ein besonderes Anliegen. Wir verarbeiten Ihre Daten daher ausschlie\u00dflich auf Grundlage der [&hellip;]<\/p>\n","protected":false},"author":1,"featured_media":0,"parent":0,"menu_order":2,"comment_status":"closed","ping_status":"open","template":"","meta":{"footnotes":""},"class_list":["post-3","page","type-page","status-publish","hentry"],"_links":{"self":[{"href":"https:\/\/custom-underground-sweets.de\/index.php\/wp-json\/wp\/v2\/pages\/3","targetHints":{"allow":["GET"]}}],"collection":[{"href":"https:\/\/custom-underground-sweets.de\/index.php\/wp-json\/wp\/v2\/pages"}],"about":[{"href":"https:\/\/custom-underground-sweets.de\/index.php\/wp-json\/wp\/v2\/types\/page"}],"author":[{"embeddable":true,"href":"https:\/\/custom-underground-sweets.de\/index.php\/wp-json\/wp\/v2\/users\/1"}],"replies":[{"embeddable":true,"href":"https:\/\/custom-underground-sweets.de\/index.php\/wp-json\/wp\/v2\/comments?post=3"}],"version-history":[{"count":3,"href":"https:\/\/custom-underground-sweets.de\/index.php\/wp-json\/wp\/v2\/pages\/3\/revisions"}],"predecessor-version":[{"id":292,"href":"https:\/\/custom-underground-sweets.de\/index.php\/wp-json\/wp\/v2\/pages\/3\/revisions\/292"}],"wp:attachment":[{"href":"https:\/\/custom-underground-sweets.de\/index.php\/wp-json\/wp\/v2\/media?parent=3"}],"curies":[{"name":"wp","href":"https:\/\/api.w.org\/{rel}","templated":true}]}}