{"id":274,"date":"2020-05-19T18:49:00","date_gmt":"2020-05-19T16:49:00","guid":{"rendered":"https:\/\/custom-underground-sweets.de\/?page_id=274"},"modified":"2021-05-12T16:39:12","modified_gmt":"2021-05-12T14:39:12","slug":"impressum","status":"publish","type":"page","link":"https:\/\/custom-underground-sweets.de\/index.php\/impressum\/","title":{"rendered":"Impressum"},"content":{"rendered":"\t\t<div data-elementor-type=\"wp-page\" data-elementor-id=\"274\" class=\"elementor elementor-274\">\n\t\t\t\t\t\t<section class=\"elementor-section elementor-top-section elementor-element elementor-element-205beaa elementor-section-boxed elementor-section-height-default elementor-section-height-default\" data-id=\"205beaa\" data-element_type=\"section\">\n\t\t\t\t\t\t<div class=\"elementor-container elementor-column-gap-default\">\n\t\t\t\t\t<div class=\"elementor-column elementor-col-100 elementor-top-column elementor-element elementor-element-a53a56d\" data-id=\"a53a56d\" data-element_type=\"column\">\n\t\t\t<div class=\"elementor-widget-wrap elementor-element-populated\">\n\t\t\t\t\t\t<div class=\"elementor-element elementor-element-1a25713 elementor-widget elementor-widget-text-editor\" data-id=\"1a25713\" data-element_type=\"widget\" data-widget_type=\"text-editor.default\">\n\t\t\t\t<div class=\"elementor-widget-container\">\n\t\t\t\t\t\t\t\t\t<h4>Dies ist die Internetpr\u00e4senz von custom underground sweets.<\/h4>\n<p>Anschrift:<br>custom underground sweets<br>Renate Kuran<br>Birkenweg 12<br>86972 Schwabniederhofen<\/p>\n<p>Fon: +49 172 799 99 47<br>Email: renate@cusweets.de<\/p>\n<p><\/p>\n<p>Inhaber:<br>Renate Kuran<\/p>\n<p>Der Inhaber dieser Internetseite und verantwortlich f\u00fcr deren Inhalt ist die custom underground sweets<\/p>\n<p>Haftungshinweis: Trotz sorgf\u00e4ltiger inhaltlicher Kontrolle \u00fcbernehmen wir keine Haftung f\u00fcr die Inhalte m\u00f6glicher externer Links. F\u00fcr den Inhalt der verlinkten Seiten sind ausschlie\u00dflich deren Betreiber verantwortlich. Alle weitern unternehmerischen Regelungen von custom underground sweets finden Sie in unseren Allgemeinen Gesch\u00e4ftsbedingungen.<\/p>\t\t\t\t\t\t\t\t<\/div>\n\t\t\t\t<\/div>\n\t\t\t\t\t<\/div>\n\t\t<\/div>\n\t\t\t\t\t<\/div>\n\t\t<\/section>\n\t\t\t\t<\/div>\n\t\t","protected":false},"excerpt":{"rendered":"<p>Dies ist die Internetpr\u00e4senz von custom underground sweets. Anschrift:custom underground sweetsRenate KuranBirkenweg 1286972 Schwabniederhofen Fon: +49 172 799 99 47Email: [&hellip;]<\/p>\n","protected":false},"author":2,"featured_media":0,"parent":0,"menu_order":3,"comment_status":"closed","ping_status":"closed","template":"","meta":{"footnotes":""},"class_list":["post-274","page","type-page","status-publish","hentry"],"_links":{"self":[{"href":"https:\/\/custom-underground-sweets.de\/index.php\/wp-json\/wp\/v2\/pages\/274","targetHints":{"allow":["GET"]}}],"collection":[{"href":"https:\/\/custom-underground-sweets.de\/index.php\/wp-json\/wp\/v2\/pages"}],"about":[{"href":"https:\/\/custom-underground-sweets.de\/index.php\/wp-json\/wp\/v2\/types\/page"}],"author":[{"embeddable":true,"href":"https:\/\/custom-underground-sweets.de\/index.php\/wp-json\/wp\/v2\/users\/2"}],"replies":[{"embeddable":true,"href":"https:\/\/custom-underground-sweets.de\/index.php\/wp-json\/wp\/v2\/comments?post=274"}],"version-history":[{"count":7,"href":"https:\/\/custom-underground-sweets.de\/index.php\/wp-json\/wp\/v2\/pages\/274\/revisions"}],"predecessor-version":[{"id":421,"href":"https:\/\/custom-underground-sweets.de\/index.php\/wp-json\/wp\/v2\/pages\/274\/revisions\/421"}],"wp:attachment":[{"href":"https:\/\/custom-underground-sweets.de\/index.php\/wp-json\/wp\/v2\/media?parent=274"}],"curies":[{"name":"wp","href":"https:\/\/api.w.org\/{rel}","templated":true}]}}